{"id":1015,"date":"2023-11-14T18:20:03","date_gmt":"2023-11-14T18:20:03","guid":{"rendered":"https:\/\/creatorx.ch\/?page_id=1015"},"modified":"2023-11-18T16:42:55","modified_gmt":"2023-11-18T16:42:55","slug":"mental-health-management","status":"publish","type":"page","link":"https:\/\/creatorx.ch\/index.php\/mental-health-management\/","title":{"rendered":"Mental Health Management"},"content":{"rendered":"<div class=\"fusion-fullwidth fullwidth-box fusion-builder-row-1 fusion-flex-container nonhundred-percent-fullwidth non-hundred-percent-height-scrolling\" style=\"--awb-border-radius-top-left:0px;--awb-border-radius-top-right:0px;--awb-border-radius-bottom-right:0px;--awb-border-radius-bottom-left:0px;--awb-flex-wrap:wrap;\" ><div class=\"fusion-builder-row fusion-row fusion-flex-align-items-flex-start fusion-flex-content-wrap\" style=\"max-width:1248px;margin-left: calc(-4% \/ 2 );margin-right: calc(-4% \/ 2 );\"><div class=\"fusion-layout-column fusion_builder_column fusion-builder-column-0 fusion_builder_column_1_1 1_1 fusion-flex-column\" style=\"--awb-bg-size:cover;--awb-width-large:100%;--awb-margin-top-large:0px;--awb-spacing-right-large:1.92%;--awb-margin-bottom-large:0px;--awb-spacing-left-large:1.92%;--awb-width-medium:100%;--awb-spacing-right-medium:1.92%;--awb-spacing-left-medium:1.92%;--awb-width-small:100%;--awb-spacing-right-small:1.92%;--awb-spacing-left-small:1.92%;\"><div class=\"fusion-column-wrapper fusion-flex-justify-content-flex-start fusion-content-layout-column\"><div class=\"fusion-text fusion-text-1\"><p><img decoding=\"async\" class=\"lazyload an1\" src=\"data:image\/gif;base64,R0lGODlhAQABAAAAACH5BAEKAAEALAAAAAABAAEAAAICTAEAOw==\" data-orig-src=\"https:\/\/fonts.gstatic.com\/s\/e\/notoemoji\/15.0\/1f9e0\/32.png\" alt=\"\ud83e\udde0\" data-emoji=\"\ud83e\udde0\" aria-label=\"\ud83e\udde0\"><b>   <span data-fusion-font=\"true\" style=\"font-size: 26px;\">Mental Health Management<\/span><\/b><\/p>\n<div><span data-fusion-font=\"true\" style=\"font-size: 21px; color: var(--awb-color3);\">Ihr Kompass f\u00fcr mentales Wohlbefinden!<\/span><span data-fusion-font=\"true\" style=\"font-size: 21px;\"><span style=\"color: var(--awb-color3);\"><br \/>\nIn unserem B\u00fcro, CreatorX, verstehen wir, dass das Management der mentalen Gesundheit entscheidend f\u00fcr ein erf\u00fclltes Leben ist. Als Ihre vertrauensw\u00fcrdigen Begleiter bieten wir Beratung im Mental Health Management. Unser versiertes Team integriert fachliche Instrumente mit einfallsreichen Ans\u00e4tzen im Bereich Mental Health Management., um nicht nur Herausforderungen zu bew\u00e4ltigen, sondern auch Wege zu finden, das volle Potenzial Ihres Geistes zu entfalten. Bei uns geht es nicht nur um Mental Health Management; es geht darum, einen Raum zu schaffen, in dem Ihre mentale Gesundheit bl\u00fchen kann. Herzlich willkommen in der Welt von CreatorX, wo Ihr inneres Gleichgewicht im Mittelpunkt steht!<\/span><\/span><\/div>\n<\/div><\/div><\/div><\/div><\/div>\n","protected":false},"excerpt":{"rendered":"","protected":false},"author":1,"featured_media":0,"parent":0,"menu_order":0,"comment_status":"closed","ping_status":"closed","template":"","meta":{"footnotes":""},"class_list":["post-1015","page","type-page","status-publish","hentry"],"yoast_head":"<!-- This site is optimized with the Yoast SEO plugin v27.3 - https:\/\/yoast.com\/product\/yoast-seo-wordpress\/ -->\n<title>Mental Health Management | Strategische L\u00f6sungen f\u00fcr Ihren Erfolg.<\/title>\n<meta name=\"robots\" content=\"index, follow, max-snippet:-1, max-image-preview:large, max-video-preview:-1\" \/>\n<link rel=\"canonical\" href=\"https:\/\/creatorx.ch\/index.php\/mental-health-management\/\" \/>\n<meta property=\"og:locale\" content=\"en_US\" \/>\n<meta property=\"og:type\" content=\"article\" \/>\n<meta property=\"og:title\" content=\"Mental Health Management | Strategische L\u00f6sungen f\u00fcr Ihren Erfolg.\" \/>\n<meta property=\"og:url\" content=\"https:\/\/creatorx.ch\/index.php\/mental-health-management\/\" \/>\n<meta property=\"og:site_name\" content=\"CreatorX\" \/>\n<meta property=\"article:modified_time\" content=\"2023-11-18T16:42:55+00:00\" \/>\n<meta property=\"og:image\" content=\"https:\/\/fonts.gstatic.com\/s\/e\/notoemoji\/15.0\/1f9e0\/32.png\" \/>\n<meta name=\"twitter:card\" content=\"summary_large_image\" \/>\n<meta name=\"twitter:label1\" content=\"Est. reading time\" \/>\n\t<meta name=\"twitter:data1\" content=\"1 minute\" \/>\n<script type=\"application\/ld+json\" class=\"yoast-schema-graph\">{\"@context\":\"https:\\\/\\\/schema.org\",\"@graph\":[{\"@type\":\"WebPage\",\"@id\":\"https:\\\/\\\/creatorx.ch\\\/index.php\\\/mental-health-management\\\/\",\"url\":\"https:\\\/\\\/creatorx.ch\\\/index.php\\\/mental-health-management\\\/\",\"name\":\"Mental Health Management | Strategische L\u00f6sungen f\u00fcr Ihren Erfolg.\",\"isPartOf\":{\"@id\":\"https:\\\/\\\/creatorx.ch\\\/#website\"},\"primaryImageOfPage\":{\"@id\":\"https:\\\/\\\/creatorx.ch\\\/index.php\\\/mental-health-management\\\/#primaryimage\"},\"image\":{\"@id\":\"https:\\\/\\\/creatorx.ch\\\/index.php\\\/mental-health-management\\\/#primaryimage\"},\"thumbnailUrl\":\"https:\\\/\\\/fonts.gstatic.com\\\/s\\\/e\\\/notoemoji\\\/15.0\\\/1f9e0\\\/32.png\",\"datePublished\":\"2023-11-14T18:20:03+00:00\",\"dateModified\":\"2023-11-18T16:42:55+00:00\",\"breadcrumb\":{\"@id\":\"https:\\\/\\\/creatorx.ch\\\/index.php\\\/mental-health-management\\\/#breadcrumb\"},\"inLanguage\":\"en-US\",\"potentialAction\":[{\"@type\":\"ReadAction\",\"target\":[\"https:\\\/\\\/creatorx.ch\\\/index.php\\\/mental-health-management\\\/\"]}]},{\"@type\":\"ImageObject\",\"inLanguage\":\"en-US\",\"@id\":\"https:\\\/\\\/creatorx.ch\\\/index.php\\\/mental-health-management\\\/#primaryimage\",\"url\":\"https:\\\/\\\/fonts.gstatic.com\\\/s\\\/e\\\/notoemoji\\\/15.0\\\/1f9e0\\\/32.png\",\"contentUrl\":\"https:\\\/\\\/fonts.gstatic.com\\\/s\\\/e\\\/notoemoji\\\/15.0\\\/1f9e0\\\/32.png\"},{\"@type\":\"BreadcrumbList\",\"@id\":\"https:\\\/\\\/creatorx.ch\\\/index.php\\\/mental-health-management\\\/#breadcrumb\",\"itemListElement\":[{\"@type\":\"ListItem\",\"position\":1,\"name\":\"Home\",\"item\":\"https:\\\/\\\/creatorx.ch\\\/\"},{\"@type\":\"ListItem\",\"position\":2,\"name\":\"Mental Health Management\"}]},{\"@type\":\"WebSite\",\"@id\":\"https:\\\/\\\/creatorx.ch\\\/#website\",\"url\":\"https:\\\/\\\/creatorx.ch\\\/\",\"name\":\"CreatorX\",\"description\":\"Strategische L\u00f6sungen f\u00fcr Ihren Erfolg.\",\"publisher\":{\"@id\":\"https:\\\/\\\/creatorx.ch\\\/#organization\"},\"potentialAction\":[{\"@type\":\"SearchAction\",\"target\":{\"@type\":\"EntryPoint\",\"urlTemplate\":\"https:\\\/\\\/creatorx.ch\\\/?s={search_term_string}\"},\"query-input\":{\"@type\":\"PropertyValueSpecification\",\"valueRequired\":true,\"valueName\":\"search_term_string\"}}],\"inLanguage\":\"en-US\"},{\"@type\":\"Organization\",\"@id\":\"https:\\\/\\\/creatorx.ch\\\/#organization\",\"name\":\"Strategische Losungen fur Ihrer Erfolg\",\"url\":\"https:\\\/\\\/creatorx.ch\\\/\",\"logo\":{\"@type\":\"ImageObject\",\"inLanguage\":\"en-US\",\"@id\":\"https:\\\/\\\/creatorx.ch\\\/#\\\/schema\\\/logo\\\/image\\\/\",\"url\":\"https:\\\/\\\/creatorx.ch\\\/wp-content\\\/uploads\\\/2023\\\/11\\\/logo.png\",\"contentUrl\":\"https:\\\/\\\/creatorx.ch\\\/wp-content\\\/uploads\\\/2023\\\/11\\\/logo.png\",\"width\":2535,\"height\":345,\"caption\":\"Strategische Losungen fur Ihrer Erfolg\"},\"image\":{\"@id\":\"https:\\\/\\\/creatorx.ch\\\/#\\\/schema\\\/logo\\\/image\\\/\"}}]}<\/script>\n<!-- \/ Yoast SEO plugin. -->","yoast_head_json":{"title":"Mental Health Management | Strategische L\u00f6sungen f\u00fcr Ihren Erfolg.","robots":{"index":"index","follow":"follow","max-snippet":"max-snippet:-1","max-image-preview":"max-image-preview:large","max-video-preview":"max-video-preview:-1"},"canonical":"https:\/\/creatorx.ch\/index.php\/mental-health-management\/","og_locale":"en_US","og_type":"article","og_title":"Mental Health Management | Strategische L\u00f6sungen f\u00fcr Ihren Erfolg.","og_url":"https:\/\/creatorx.ch\/index.php\/mental-health-management\/","og_site_name":"CreatorX","article_modified_time":"2023-11-18T16:42:55+00:00","og_image":[{"url":"https:\/\/fonts.gstatic.com\/s\/e\/notoemoji\/15.0\/1f9e0\/32.png","type":"","width":"","height":""}],"twitter_card":"summary_large_image","twitter_misc":{"Est. reading time":"1 minute"},"schema":{"@context":"https:\/\/schema.org","@graph":[{"@type":"WebPage","@id":"https:\/\/creatorx.ch\/index.php\/mental-health-management\/","url":"https:\/\/creatorx.ch\/index.php\/mental-health-management\/","name":"Mental Health Management | Strategische L\u00f6sungen f\u00fcr Ihren Erfolg.","isPartOf":{"@id":"https:\/\/creatorx.ch\/#website"},"primaryImageOfPage":{"@id":"https:\/\/creatorx.ch\/index.php\/mental-health-management\/#primaryimage"},"image":{"@id":"https:\/\/creatorx.ch\/index.php\/mental-health-management\/#primaryimage"},"thumbnailUrl":"https:\/\/fonts.gstatic.com\/s\/e\/notoemoji\/15.0\/1f9e0\/32.png","datePublished":"2023-11-14T18:20:03+00:00","dateModified":"2023-11-18T16:42:55+00:00","breadcrumb":{"@id":"https:\/\/creatorx.ch\/index.php\/mental-health-management\/#breadcrumb"},"inLanguage":"en-US","potentialAction":[{"@type":"ReadAction","target":["https:\/\/creatorx.ch\/index.php\/mental-health-management\/"]}]},{"@type":"ImageObject","inLanguage":"en-US","@id":"https:\/\/creatorx.ch\/index.php\/mental-health-management\/#primaryimage","url":"https:\/\/fonts.gstatic.com\/s\/e\/notoemoji\/15.0\/1f9e0\/32.png","contentUrl":"https:\/\/fonts.gstatic.com\/s\/e\/notoemoji\/15.0\/1f9e0\/32.png"},{"@type":"BreadcrumbList","@id":"https:\/\/creatorx.ch\/index.php\/mental-health-management\/#breadcrumb","itemListElement":[{"@type":"ListItem","position":1,"name":"Home","item":"https:\/\/creatorx.ch\/"},{"@type":"ListItem","position":2,"name":"Mental Health Management"}]},{"@type":"WebSite","@id":"https:\/\/creatorx.ch\/#website","url":"https:\/\/creatorx.ch\/","name":"CreatorX","description":"Strategische L\u00f6sungen f\u00fcr Ihren Erfolg.","publisher":{"@id":"https:\/\/creatorx.ch\/#organization"},"potentialAction":[{"@type":"SearchAction","target":{"@type":"EntryPoint","urlTemplate":"https:\/\/creatorx.ch\/?s={search_term_string}"},"query-input":{"@type":"PropertyValueSpecification","valueRequired":true,"valueName":"search_term_string"}}],"inLanguage":"en-US"},{"@type":"Organization","@id":"https:\/\/creatorx.ch\/#organization","name":"Strategische Losungen fur Ihrer Erfolg","url":"https:\/\/creatorx.ch\/","logo":{"@type":"ImageObject","inLanguage":"en-US","@id":"https:\/\/creatorx.ch\/#\/schema\/logo\/image\/","url":"https:\/\/creatorx.ch\/wp-content\/uploads\/2023\/11\/logo.png","contentUrl":"https:\/\/creatorx.ch\/wp-content\/uploads\/2023\/11\/logo.png","width":2535,"height":345,"caption":"Strategische Losungen fur Ihrer Erfolg"},"image":{"@id":"https:\/\/creatorx.ch\/#\/schema\/logo\/image\/"}}]}},"_links":{"self":[{"href":"https:\/\/creatorx.ch\/index.php\/wp-json\/wp\/v2\/pages\/1015","targetHints":{"allow":["GET"]}}],"collection":[{"href":"https:\/\/creatorx.ch\/index.php\/wp-json\/wp\/v2\/pages"}],"about":[{"href":"https:\/\/creatorx.ch\/index.php\/wp-json\/wp\/v2\/types\/page"}],"author":[{"embeddable":true,"href":"https:\/\/creatorx.ch\/index.php\/wp-json\/wp\/v2\/users\/1"}],"replies":[{"embeddable":true,"href":"https:\/\/creatorx.ch\/index.php\/wp-json\/wp\/v2\/comments?post=1015"}],"version-history":[{"count":5,"href":"https:\/\/creatorx.ch\/index.php\/wp-json\/wp\/v2\/pages\/1015\/revisions"}],"predecessor-version":[{"id":1106,"href":"https:\/\/creatorx.ch\/index.php\/wp-json\/wp\/v2\/pages\/1015\/revisions\/1106"}],"wp:attachment":[{"href":"https:\/\/creatorx.ch\/index.php\/wp-json\/wp\/v2\/media?parent=1015"}],"curies":[{"name":"wp","href":"https:\/\/api.w.org\/{rel}","templated":true}]}}