{"id":1017,"date":"2023-11-14T18:20:26","date_gmt":"2023-11-14T18:20:26","guid":{"rendered":"https:\/\/creatorx.ch\/?page_id=1017"},"modified":"2023-11-26T20:04:32","modified_gmt":"2023-11-26T20:04:32","slug":"versicherungen","status":"publish","type":"page","link":"https:\/\/creatorx.ch\/index.php\/versicherungen\/","title":{"rendered":"Versicherungen"},"content":{"rendered":"<div class=\"fusion-fullwidth fullwidth-box fusion-builder-row-1 fusion-flex-container nonhundred-percent-fullwidth non-hundred-percent-height-scrolling\" style=\"--awb-border-radius-top-left:0px;--awb-border-radius-top-right:0px;--awb-border-radius-bottom-right:0px;--awb-border-radius-bottom-left:0px;--awb-flex-wrap:wrap;\" ><div class=\"fusion-builder-row fusion-row fusion-flex-align-items-flex-start fusion-flex-content-wrap\" style=\"max-width:1248px;margin-left: calc(-4% \/ 2 );margin-right: calc(-4% \/ 2 );\"><div class=\"fusion-layout-column fusion_builder_column fusion-builder-column-0 fusion_builder_column_1_1 1_1 fusion-flex-column\" style=\"--awb-bg-size:cover;--awb-width-large:100%;--awb-margin-top-large:0px;--awb-spacing-right-large:1.92%;--awb-margin-bottom-large:0px;--awb-spacing-left-large:1.92%;--awb-width-medium:100%;--awb-spacing-right-medium:1.92%;--awb-spacing-left-medium:1.92%;--awb-width-small:100%;--awb-spacing-right-small:1.92%;--awb-spacing-left-small:1.92%;\"><div class=\"fusion-column-wrapper fusion-flex-justify-content-flex-start fusion-content-layout-column\"><div class=\"fusion-text fusion-text-1\"><p><img decoding=\"async\" class=\"lazyload an1\" src=\"data:image\/gif;base64,R0lGODlhAQABAAAAACH5BAEKAAEALAAAAAABAAEAAAICTAEAOw==\" data-orig-src=\"https:\/\/fonts.gstatic.com\/s\/e\/notoemoji\/15.0\/1f6e1_fe0f\/32.png\" alt=\"\ud83d\udee1\ufe0f\" data-emoji=\"\ud83d\udee1\ufe0f\" aria-label=\"\ud83d\udee1\ufe0f\"><b> <span style=\"font-size: 26px;\" data-fusion-font=\"true\">Versicherungen<\/span><\/b><\/p>\n<p><span style=\"font-size: 21px;\" data-fusion-font=\"true\"><span style=\"font-size: 21px; color: var(--awb-color3);\" data-fusion-font=\"true\">Ihr Schutzschild f\u00fcr innovative Versicherungsl\u00f6sungen! <\/span><\/span><\/p>\n<p><span style=\"background-color: var(--awb-bg-color-hover); color: var(--awb-color3); font-family: var(--awb-text-font-family); font-size: 21px; font-style: var(--awb-text-font-style); font-weight: var(--awb-text-font-weight); letter-spacing: var(--awb-letter-spacing); text-align: var(--awb-content-alignment); text-transform: var(--awb-text-transform);\">In unserem B\u00fcro, CreatorX, verstehen wir, dass Sicherheit individuell ist. Als Ihr versierter Partner bieten wir professionelle Versicherungsl\u00f6sungen sowohl f\u00fcr Firmen als auch f\u00fcr Privatpersonen. Unsere kompetente Mannschaft offeriert fundiertes Know-how im Versicherungsbereich, um nicht nur Risiken zu minimieren, sondern auch Ihre einzigartigen Bed\u00fcrfnisse zu verstehen und zu sch\u00fctzen. Bei uns geht es nicht nur um Versicherungen; es geht darum, eine Sicherheitsdecke zu schaffen, die Unternehmen und Einzelpersonen gleichermassen umh\u00fcllt. Herzlich willkommen in der Welt von CreatorX, wo Ihr Schutz unsere oberste Priorit\u00e4t ist!<\/span><\/p>\n<div class=\"yj6qo\"><\/div>\n<div class=\"adL\"><\/div>\n<\/div><\/div><\/div><\/div><\/div>\n","protected":false},"excerpt":{"rendered":"","protected":false},"author":1,"featured_media":0,"parent":0,"menu_order":0,"comment_status":"closed","ping_status":"closed","template":"","meta":{"footnotes":""},"class_list":["post-1017","page","type-page","status-publish","hentry"],"yoast_head":"<!-- This site is optimized with the Yoast SEO plugin v27.3 - https:\/\/yoast.com\/product\/yoast-seo-wordpress\/ -->\n<title>Versicherungen | Strategische L\u00f6sungen f\u00fcr Ihren Erfolg.<\/title>\n<meta name=\"robots\" content=\"index, follow, max-snippet:-1, max-image-preview:large, max-video-preview:-1\" \/>\n<link rel=\"canonical\" href=\"https:\/\/creatorx.ch\/index.php\/versicherungen\/\" \/>\n<meta property=\"og:locale\" content=\"en_US\" \/>\n<meta property=\"og:type\" content=\"article\" \/>\n<meta property=\"og:title\" content=\"Versicherungen | Strategische L\u00f6sungen f\u00fcr Ihren Erfolg.\" \/>\n<meta property=\"og:url\" content=\"https:\/\/creatorx.ch\/index.php\/versicherungen\/\" \/>\n<meta property=\"og:site_name\" content=\"CreatorX\" \/>\n<meta property=\"article:modified_time\" content=\"2023-11-26T20:04:32+00:00\" \/>\n<meta property=\"og:image\" content=\"https:\/\/fonts.gstatic.com\/s\/e\/notoemoji\/15.0\/1f6e1_fe0f\/32.png\" \/>\n<meta name=\"twitter:card\" content=\"summary_large_image\" \/>\n<meta name=\"twitter:label1\" content=\"Est. reading time\" \/>\n\t<meta name=\"twitter:data1\" content=\"1 minute\" \/>\n<script type=\"application\/ld+json\" class=\"yoast-schema-graph\">{\"@context\":\"https:\\\/\\\/schema.org\",\"@graph\":[{\"@type\":\"WebPage\",\"@id\":\"https:\\\/\\\/creatorx.ch\\\/index.php\\\/versicherungen\\\/\",\"url\":\"https:\\\/\\\/creatorx.ch\\\/index.php\\\/versicherungen\\\/\",\"name\":\"Versicherungen | Strategische L\u00f6sungen f\u00fcr Ihren Erfolg.\",\"isPartOf\":{\"@id\":\"https:\\\/\\\/creatorx.ch\\\/#website\"},\"primaryImageOfPage\":{\"@id\":\"https:\\\/\\\/creatorx.ch\\\/index.php\\\/versicherungen\\\/#primaryimage\"},\"image\":{\"@id\":\"https:\\\/\\\/creatorx.ch\\\/index.php\\\/versicherungen\\\/#primaryimage\"},\"thumbnailUrl\":\"https:\\\/\\\/fonts.gstatic.com\\\/s\\\/e\\\/notoemoji\\\/15.0\\\/1f6e1_fe0f\\\/32.png\",\"datePublished\":\"2023-11-14T18:20:26+00:00\",\"dateModified\":\"2023-11-26T20:04:32+00:00\",\"breadcrumb\":{\"@id\":\"https:\\\/\\\/creatorx.ch\\\/index.php\\\/versicherungen\\\/#breadcrumb\"},\"inLanguage\":\"en-US\",\"potentialAction\":[{\"@type\":\"ReadAction\",\"target\":[\"https:\\\/\\\/creatorx.ch\\\/index.php\\\/versicherungen\\\/\"]}]},{\"@type\":\"ImageObject\",\"inLanguage\":\"en-US\",\"@id\":\"https:\\\/\\\/creatorx.ch\\\/index.php\\\/versicherungen\\\/#primaryimage\",\"url\":\"https:\\\/\\\/fonts.gstatic.com\\\/s\\\/e\\\/notoemoji\\\/15.0\\\/1f6e1_fe0f\\\/32.png\",\"contentUrl\":\"https:\\\/\\\/fonts.gstatic.com\\\/s\\\/e\\\/notoemoji\\\/15.0\\\/1f6e1_fe0f\\\/32.png\"},{\"@type\":\"BreadcrumbList\",\"@id\":\"https:\\\/\\\/creatorx.ch\\\/index.php\\\/versicherungen\\\/#breadcrumb\",\"itemListElement\":[{\"@type\":\"ListItem\",\"position\":1,\"name\":\"Home\",\"item\":\"https:\\\/\\\/creatorx.ch\\\/\"},{\"@type\":\"ListItem\",\"position\":2,\"name\":\"Versicherungen\"}]},{\"@type\":\"WebSite\",\"@id\":\"https:\\\/\\\/creatorx.ch\\\/#website\",\"url\":\"https:\\\/\\\/creatorx.ch\\\/\",\"name\":\"CreatorX\",\"description\":\"Strategische L\u00f6sungen f\u00fcr Ihren Erfolg.\",\"publisher\":{\"@id\":\"https:\\\/\\\/creatorx.ch\\\/#organization\"},\"potentialAction\":[{\"@type\":\"SearchAction\",\"target\":{\"@type\":\"EntryPoint\",\"urlTemplate\":\"https:\\\/\\\/creatorx.ch\\\/?s={search_term_string}\"},\"query-input\":{\"@type\":\"PropertyValueSpecification\",\"valueRequired\":true,\"valueName\":\"search_term_string\"}}],\"inLanguage\":\"en-US\"},{\"@type\":\"Organization\",\"@id\":\"https:\\\/\\\/creatorx.ch\\\/#organization\",\"name\":\"Strategische Losungen fur Ihrer Erfolg\",\"url\":\"https:\\\/\\\/creatorx.ch\\\/\",\"logo\":{\"@type\":\"ImageObject\",\"inLanguage\":\"en-US\",\"@id\":\"https:\\\/\\\/creatorx.ch\\\/#\\\/schema\\\/logo\\\/image\\\/\",\"url\":\"https:\\\/\\\/creatorx.ch\\\/wp-content\\\/uploads\\\/2023\\\/11\\\/logo.png\",\"contentUrl\":\"https:\\\/\\\/creatorx.ch\\\/wp-content\\\/uploads\\\/2023\\\/11\\\/logo.png\",\"width\":2535,\"height\":345,\"caption\":\"Strategische Losungen fur Ihrer Erfolg\"},\"image\":{\"@id\":\"https:\\\/\\\/creatorx.ch\\\/#\\\/schema\\\/logo\\\/image\\\/\"}}]}<\/script>\n<!-- \/ Yoast SEO plugin. -->","yoast_head_json":{"title":"Versicherungen | Strategische L\u00f6sungen f\u00fcr Ihren Erfolg.","robots":{"index":"index","follow":"follow","max-snippet":"max-snippet:-1","max-image-preview":"max-image-preview:large","max-video-preview":"max-video-preview:-1"},"canonical":"https:\/\/creatorx.ch\/index.php\/versicherungen\/","og_locale":"en_US","og_type":"article","og_title":"Versicherungen | Strategische L\u00f6sungen f\u00fcr Ihren Erfolg.","og_url":"https:\/\/creatorx.ch\/index.php\/versicherungen\/","og_site_name":"CreatorX","article_modified_time":"2023-11-26T20:04:32+00:00","og_image":[{"url":"https:\/\/fonts.gstatic.com\/s\/e\/notoemoji\/15.0\/1f6e1_fe0f\/32.png","type":"","width":"","height":""}],"twitter_card":"summary_large_image","twitter_misc":{"Est. reading time":"1 minute"},"schema":{"@context":"https:\/\/schema.org","@graph":[{"@type":"WebPage","@id":"https:\/\/creatorx.ch\/index.php\/versicherungen\/","url":"https:\/\/creatorx.ch\/index.php\/versicherungen\/","name":"Versicherungen | Strategische L\u00f6sungen f\u00fcr Ihren Erfolg.","isPartOf":{"@id":"https:\/\/creatorx.ch\/#website"},"primaryImageOfPage":{"@id":"https:\/\/creatorx.ch\/index.php\/versicherungen\/#primaryimage"},"image":{"@id":"https:\/\/creatorx.ch\/index.php\/versicherungen\/#primaryimage"},"thumbnailUrl":"https:\/\/fonts.gstatic.com\/s\/e\/notoemoji\/15.0\/1f6e1_fe0f\/32.png","datePublished":"2023-11-14T18:20:26+00:00","dateModified":"2023-11-26T20:04:32+00:00","breadcrumb":{"@id":"https:\/\/creatorx.ch\/index.php\/versicherungen\/#breadcrumb"},"inLanguage":"en-US","potentialAction":[{"@type":"ReadAction","target":["https:\/\/creatorx.ch\/index.php\/versicherungen\/"]}]},{"@type":"ImageObject","inLanguage":"en-US","@id":"https:\/\/creatorx.ch\/index.php\/versicherungen\/#primaryimage","url":"https:\/\/fonts.gstatic.com\/s\/e\/notoemoji\/15.0\/1f6e1_fe0f\/32.png","contentUrl":"https:\/\/fonts.gstatic.com\/s\/e\/notoemoji\/15.0\/1f6e1_fe0f\/32.png"},{"@type":"BreadcrumbList","@id":"https:\/\/creatorx.ch\/index.php\/versicherungen\/#breadcrumb","itemListElement":[{"@type":"ListItem","position":1,"name":"Home","item":"https:\/\/creatorx.ch\/"},{"@type":"ListItem","position":2,"name":"Versicherungen"}]},{"@type":"WebSite","@id":"https:\/\/creatorx.ch\/#website","url":"https:\/\/creatorx.ch\/","name":"CreatorX","description":"Strategische L\u00f6sungen f\u00fcr Ihren Erfolg.","publisher":{"@id":"https:\/\/creatorx.ch\/#organization"},"potentialAction":[{"@type":"SearchAction","target":{"@type":"EntryPoint","urlTemplate":"https:\/\/creatorx.ch\/?s={search_term_string}"},"query-input":{"@type":"PropertyValueSpecification","valueRequired":true,"valueName":"search_term_string"}}],"inLanguage":"en-US"},{"@type":"Organization","@id":"https:\/\/creatorx.ch\/#organization","name":"Strategische Losungen fur Ihrer Erfolg","url":"https:\/\/creatorx.ch\/","logo":{"@type":"ImageObject","inLanguage":"en-US","@id":"https:\/\/creatorx.ch\/#\/schema\/logo\/image\/","url":"https:\/\/creatorx.ch\/wp-content\/uploads\/2023\/11\/logo.png","contentUrl":"https:\/\/creatorx.ch\/wp-content\/uploads\/2023\/11\/logo.png","width":2535,"height":345,"caption":"Strategische Losungen fur Ihrer Erfolg"},"image":{"@id":"https:\/\/creatorx.ch\/#\/schema\/logo\/image\/"}}]}},"_links":{"self":[{"href":"https:\/\/creatorx.ch\/index.php\/wp-json\/wp\/v2\/pages\/1017","targetHints":{"allow":["GET"]}}],"collection":[{"href":"https:\/\/creatorx.ch\/index.php\/wp-json\/wp\/v2\/pages"}],"about":[{"href":"https:\/\/creatorx.ch\/index.php\/wp-json\/wp\/v2\/types\/page"}],"author":[{"embeddable":true,"href":"https:\/\/creatorx.ch\/index.php\/wp-json\/wp\/v2\/users\/1"}],"replies":[{"embeddable":true,"href":"https:\/\/creatorx.ch\/index.php\/wp-json\/wp\/v2\/comments?post=1017"}],"version-history":[{"count":6,"href":"https:\/\/creatorx.ch\/index.php\/wp-json\/wp\/v2\/pages\/1017\/revisions"}],"predecessor-version":[{"id":1194,"href":"https:\/\/creatorx.ch\/index.php\/wp-json\/wp\/v2\/pages\/1017\/revisions\/1194"}],"wp:attachment":[{"href":"https:\/\/creatorx.ch\/index.php\/wp-json\/wp\/v2\/media?parent=1017"}],"curies":[{"name":"wp","href":"https:\/\/api.w.org\/{rel}","templated":true}]}}