{"id":887,"date":"2023-11-07T10:13:20","date_gmt":"2023-11-07T10:13:20","guid":{"rendered":"https:\/\/creatorx.ch\/?page_id=887"},"modified":"2023-12-12T08:20:52","modified_gmt":"2023-12-12T08:20:52","slug":"uber-uns","status":"publish","type":"page","link":"https:\/\/creatorx.ch\/index.php\/uber-uns\/","title":{"rendered":"\u00dcber uns"},"content":{"rendered":"<div class=\"fusion-fullwidth fullwidth-box fusion-builder-row-1 fusion-flex-container nonhundred-percent-fullwidth non-hundred-percent-height-scrolling\" style=\"--awb-border-radius-top-left:0px;--awb-border-radius-top-right:0px;--awb-border-radius-bottom-right:0px;--awb-border-radius-bottom-left:0px;--awb-flex-wrap:wrap;\" ><div class=\"fusion-builder-row fusion-row fusion-flex-align-items-flex-start fusion-flex-content-wrap\" style=\"max-width:1248px;margin-left: calc(-4% \/ 2 );margin-right: calc(-4% \/ 2 );\"><div class=\"fusion-layout-column fusion_builder_column fusion-builder-column-0 fusion_builder_column_1_1 1_1 fusion-flex-column\" style=\"--awb-bg-blend:overlay;--awb-bg-size:cover;--awb-width-large:100%;--awb-margin-top-large:0px;--awb-spacing-right-large:1.92%;--awb-margin-bottom-large:0px;--awb-spacing-left-large:1.92%;--awb-width-medium:100%;--awb-spacing-right-medium:1.92%;--awb-spacing-left-medium:1.92%;--awb-width-small:100%;--awb-spacing-right-small:1.92%;--awb-spacing-left-small:1.92%;\"><div class=\"fusion-column-wrapper fusion-flex-justify-content-flex-start fusion-content-layout-column\"><div class=\"fusion-image-element \" style=\"text-align:center;--awb-margin-bottom:55px;--awb-caption-title-font-family:var(--h2_typography-font-family);--awb-caption-title-font-weight:var(--h2_typography-font-weight);--awb-caption-title-font-style:var(--h2_typography-font-style);--awb-caption-title-size:var(--h2_typography-font-size);--awb-caption-title-transform:var(--h2_typography-text-transform);--awb-caption-title-line-height:var(--h2_typography-line-height);--awb-caption-title-letter-spacing:var(--h2_typography-letter-spacing);\"><span class=\" fusion-imageframe imageframe-none imageframe-1 hover-type-none\"><img decoding=\"async\" width=\"1024\" height=\"139\" title=\"logo\" src=\"https:\/\/creatorx.ch\/wp-content\/uploads\/2023\/11\/logo.png\" data-orig-src=\"https:\/\/creatorx.ch\/wp-content\/uploads\/2023\/11\/logo-1024x139.png\" alt class=\"lazyload img-responsive wp-image-829\" srcset=\"data:image\/svg+xml,%3Csvg%20xmlns%3D%27http%3A%2F%2Fwww.w3.org%2F2000%2Fsvg%27%20width%3D%272535%27%20height%3D%27345%27%20viewBox%3D%270%200%202535%20345%27%3E%3Crect%20width%3D%272535%27%20height%3D%27345%27%20fill-opacity%3D%220%22%2F%3E%3C%2Fsvg%3E\" data-srcset=\"https:\/\/creatorx.ch\/wp-content\/uploads\/2023\/11\/logo-200x27.png 200w, https:\/\/creatorx.ch\/wp-content\/uploads\/2023\/11\/logo-400x54.png 400w, https:\/\/creatorx.ch\/wp-content\/uploads\/2023\/11\/logo-600x82.png 600w, https:\/\/creatorx.ch\/wp-content\/uploads\/2023\/11\/logo-800x109.png 800w, https:\/\/creatorx.ch\/wp-content\/uploads\/2023\/11\/logo-1200x163.png 1200w\" data-sizes=\"auto\" data-orig-sizes=\"(max-width: 640px) 100vw, 1200px\" \/><\/span><\/div><div class=\"fusion-text fusion-text-1\" style=\"--awb-text-color:var(--awb-color3);\"><p style=\"font-size: 16px; line-height: 29px;\"><span style=\"color: var(--awb-text-color); font-family: var(--awb-text-font-family); font-size: 16px; font-style: var(--awb-text-font-style); font-weight: var(--awb-text-font-weight); letter-spacing: var(--awb-letter-spacing); text-align: var(--awb-content-alignment); text-transform: var(--awb-text-transform); background-color: var(--awb-bg-color-hover); line-height: 29px;\" data-fusion-font=\"true\"><span style=\"color: var(--awb-custom10); font-size: 21px; line-height: 38px;\" data-fusion-font=\"true\">Willkommen bei CreatorX &#8211; Ihrem kreativen Kompass f\u00fcr vision\u00e4re Beratung!<\/span><\/span><\/p>\n<p style=\"font-size: 16px;\"><span style=\"color: var(--awb-color7); font-size: 21px; line-height: 38px;\" data-fusion-font=\"true\"><span data-fusion-font=\"true\" style=\"line-height: 38px; color: var(--awb-custom10);\">Bei uns steht Kreativit\u00e4t nicht nur im Namen, sondern auch im Herzen unserer Strategien. Wir sind nicht nur Berater, sondern auch K\u00fcnstler der Innovation, die Ihnen helfen, Ihre Ziele mit einzigartigen Ans\u00e4tzen zu erreichen.<\/span><\/span><\/p>\n<p style=\"font-size: 16px;\"><span style=\"color: var(--awb-color7); font-size: 21px; line-height: 38px;\" data-fusion-font=\"true\"><span data-fusion-font=\"true\" style=\"line-height: 38px; color: var(--awb-custom10);\">Unsere Mission? Ihre Vision zu verstehen und mit Ihnen zusammenzuarbeiten, um massgeschneiderte Strategien zu entwickeln, die den Weg zum Erfolg ebnen. In einer Welt, die st\u00e4ndig im Wandel ist, ist Kreativit\u00e4t der Schl\u00fcssel zur Differenzierung. Bei CreatorX setzen wir auf frische Ideen, um Ihren Erfolg zu formen und zu steigern.<\/span><\/span><\/p>\n<p style=\"font-size: 16px;\"><span style=\"color: var(--awb-color7); font-size: 21px; line-height: 38px;\" data-fusion-font=\"true\"><span data-fusion-font=\"true\" style=\"line-height: 38px; color: var(--awb-custom10);\">Unsere Beratung ist mehr als nur konventionelle Weisheit. Wir kombinieren kreative Denkweisen mit fundierten Strategien, um eine einzigartige Formel f\u00fcr Ihren Erfolg zu schaffen. Bei uns geht es nicht nur darum, Probleme zu l\u00f6sen, sondern auch darum, M\u00f6glichkeiten zu schaffen.<\/span><\/span><\/p>\n<p style=\"font-size: 16px;\"><span style=\"color: var(--awb-color7); font-size: 21px; line-height: 38px;\" data-fusion-font=\"true\"><span data-fusion-font=\"true\" style=\"line-height: 38px; color: var(--awb-custom10);\">Wir glauben fest daran, dass jede Initiative, ob gesch\u00e4ftlich oder privat, ein einzigartiges Puzzle ist, das sein volles Potenzial entfalten kann nur dann, wenn alle Teile perfekt zusammenpassen. \u00c4hnlich wie bei einem komplexen Puzzle, setzen wir die Teile zusammen, um ein beeindruckendes Gesamtbild zu erschaffen. Unsere Experten sind wie erfahrene Puzzle-L\u00f6ser, die die richtigen Verbindungen herstellen, um Ihren Erfolg sicherzustellen.<\/span><\/span><\/p>\n<p style=\"font-size: 16px;\"><span style=\"color: var(--awb-custom10); font-size: 21px; line-height: 38px;\" data-fusion-font=\"true\">Schliessen Sie sich uns an, und lassen Sie uns gemeinsam den Weg zu Ihren Zielen planen. CreatorX &#8211; wo Kreativit\u00e4t, Strategie und Erfolg miteinander verschmelzen, um Ihre Vision Realit\u00e4t werden zu lassen.<\/span><\/p><\/p>\n<\/div><div class=\"fusion-builder-row fusion-builder-row-inner fusion-row fusion-flex-align-items-flex-start fusion-flex-content-wrap\" style=\"--awb-flex-grow:0;--awb-flex-grow-medium:0;--awb-flex-grow-small:0;--awb-flex-shrink:0;--awb-flex-shrink-medium:0;--awb-flex-shrink-small:0;width:104% !important;max-width:104% !important;margin-left: calc(-4% \/ 2 );margin-right: calc(-4% \/ 2 );\"><div class=\"fusion-layout-column fusion_builder_column_inner fusion-builder-nested-column-0 fusion_builder_column_inner_1_1 1_1 fusion-flex-column\" style=\"--awb-bg-size:cover;--awb-width-large:100%;--awb-margin-top-large:0px;--awb-spacing-right-large:1.92%;--awb-margin-bottom-large:20px;--awb-spacing-left-large:1.92%;--awb-width-medium:100%;--awb-order-medium:0;--awb-spacing-right-medium:1.92%;--awb-spacing-left-medium:1.92%;--awb-width-small:100%;--awb-order-small:0;--awb-spacing-right-small:1.92%;--awb-spacing-left-small:1.92%;\"><div class=\"fusion-column-wrapper fusion-column-has-shadow fusion-flex-justify-content-flex-start fusion-content-layout-column\"><\/div><\/div><\/div><\/div><\/div><\/div><\/div>\n","protected":false},"excerpt":{"rendered":"","protected":false},"author":1,"featured_media":0,"parent":0,"menu_order":0,"comment_status":"closed","ping_status":"closed","template":"","meta":{"footnotes":""},"class_list":["post-887","page","type-page","status-publish","hentry"],"yoast_head":"<!-- This site is optimized with the Yoast SEO plugin v27.4 - https:\/\/yoast.com\/product\/yoast-seo-wordpress\/ -->\n<title>\u00dcber uns | Strategische L\u00f6sungen f\u00fcr Ihren Erfolg.<\/title>\n<meta name=\"robots\" content=\"index, follow, max-snippet:-1, max-image-preview:large, max-video-preview:-1\" \/>\n<link rel=\"canonical\" href=\"https:\/\/creatorx.ch\/index.php\/uber-uns\/\" \/>\n<meta property=\"og:locale\" content=\"en_US\" \/>\n<meta property=\"og:type\" content=\"article\" \/>\n<meta property=\"og:title\" content=\"\u00dcber uns | Strategische L\u00f6sungen f\u00fcr Ihren Erfolg.\" \/>\n<meta property=\"og:url\" content=\"https:\/\/creatorx.ch\/index.php\/uber-uns\/\" \/>\n<meta property=\"og:site_name\" content=\"CreatorX\" \/>\n<meta property=\"article:modified_time\" content=\"2023-12-12T08:20:52+00:00\" \/>\n<meta property=\"og:image\" content=\"https:\/\/creatorx.ch\/wp-content\/uploads\/2023\/11\/logo.png\" \/>\n\t<meta property=\"og:image:width\" content=\"2535\" \/>\n\t<meta property=\"og:image:height\" content=\"345\" \/>\n\t<meta property=\"og:image:type\" content=\"image\/png\" \/>\n<meta name=\"twitter:card\" content=\"summary_large_image\" \/>\n<meta name=\"twitter:label1\" content=\"Est. reading time\" \/>\n\t<meta name=\"twitter:data1\" content=\"4 minutes\" \/>\n<script type=\"application\/ld+json\" class=\"yoast-schema-graph\">{\"@context\":\"https:\\\/\\\/schema.org\",\"@graph\":[{\"@type\":\"WebPage\",\"@id\":\"https:\\\/\\\/creatorx.ch\\\/index.php\\\/uber-uns\\\/\",\"url\":\"https:\\\/\\\/creatorx.ch\\\/index.php\\\/uber-uns\\\/\",\"name\":\"\u00dcber uns | Strategische L\u00f6sungen f\u00fcr Ihren Erfolg.\",\"isPartOf\":{\"@id\":\"https:\\\/\\\/creatorx.ch\\\/#website\"},\"datePublished\":\"2023-11-07T10:13:20+00:00\",\"dateModified\":\"2023-12-12T08:20:52+00:00\",\"breadcrumb\":{\"@id\":\"https:\\\/\\\/creatorx.ch\\\/index.php\\\/uber-uns\\\/#breadcrumb\"},\"inLanguage\":\"en-US\",\"potentialAction\":[{\"@type\":\"ReadAction\",\"target\":[\"https:\\\/\\\/creatorx.ch\\\/index.php\\\/uber-uns\\\/\"]}]},{\"@type\":\"BreadcrumbList\",\"@id\":\"https:\\\/\\\/creatorx.ch\\\/index.php\\\/uber-uns\\\/#breadcrumb\",\"itemListElement\":[{\"@type\":\"ListItem\",\"position\":1,\"name\":\"Home\",\"item\":\"https:\\\/\\\/creatorx.ch\\\/\"},{\"@type\":\"ListItem\",\"position\":2,\"name\":\"\u00dcber uns\"}]},{\"@type\":\"WebSite\",\"@id\":\"https:\\\/\\\/creatorx.ch\\\/#website\",\"url\":\"https:\\\/\\\/creatorx.ch\\\/\",\"name\":\"CreatorX\",\"description\":\"Strategische L\u00f6sungen f\u00fcr Ihren Erfolg.\",\"publisher\":{\"@id\":\"https:\\\/\\\/creatorx.ch\\\/#organization\"},\"potentialAction\":[{\"@type\":\"SearchAction\",\"target\":{\"@type\":\"EntryPoint\",\"urlTemplate\":\"https:\\\/\\\/creatorx.ch\\\/?s={search_term_string}\"},\"query-input\":{\"@type\":\"PropertyValueSpecification\",\"valueRequired\":true,\"valueName\":\"search_term_string\"}}],\"inLanguage\":\"en-US\"},{\"@type\":\"Organization\",\"@id\":\"https:\\\/\\\/creatorx.ch\\\/#organization\",\"name\":\"Strategische Losungen fur Ihrer Erfolg\",\"url\":\"https:\\\/\\\/creatorx.ch\\\/\",\"logo\":{\"@type\":\"ImageObject\",\"inLanguage\":\"en-US\",\"@id\":\"https:\\\/\\\/creatorx.ch\\\/#\\\/schema\\\/logo\\\/image\\\/\",\"url\":\"https:\\\/\\\/creatorx.ch\\\/wp-content\\\/uploads\\\/2023\\\/11\\\/logo.png\",\"contentUrl\":\"https:\\\/\\\/creatorx.ch\\\/wp-content\\\/uploads\\\/2023\\\/11\\\/logo.png\",\"width\":2535,\"height\":345,\"caption\":\"Strategische Losungen fur Ihrer Erfolg\"},\"image\":{\"@id\":\"https:\\\/\\\/creatorx.ch\\\/#\\\/schema\\\/logo\\\/image\\\/\"}}]}<\/script>\n<!-- \/ Yoast SEO plugin. -->","yoast_head_json":{"title":"\u00dcber uns | Strategische L\u00f6sungen f\u00fcr Ihren Erfolg.","robots":{"index":"index","follow":"follow","max-snippet":"max-snippet:-1","max-image-preview":"max-image-preview:large","max-video-preview":"max-video-preview:-1"},"canonical":"https:\/\/creatorx.ch\/index.php\/uber-uns\/","og_locale":"en_US","og_type":"article","og_title":"\u00dcber uns | Strategische L\u00f6sungen f\u00fcr Ihren Erfolg.","og_url":"https:\/\/creatorx.ch\/index.php\/uber-uns\/","og_site_name":"CreatorX","article_modified_time":"2023-12-12T08:20:52+00:00","og_image":[{"width":2535,"height":345,"url":"https:\/\/creatorx.ch\/wp-content\/uploads\/2023\/11\/logo.png","type":"image\/png"}],"twitter_card":"summary_large_image","twitter_misc":{"Est. reading time":"4 minutes"},"schema":{"@context":"https:\/\/schema.org","@graph":[{"@type":"WebPage","@id":"https:\/\/creatorx.ch\/index.php\/uber-uns\/","url":"https:\/\/creatorx.ch\/index.php\/uber-uns\/","name":"\u00dcber uns | Strategische L\u00f6sungen f\u00fcr Ihren Erfolg.","isPartOf":{"@id":"https:\/\/creatorx.ch\/#website"},"datePublished":"2023-11-07T10:13:20+00:00","dateModified":"2023-12-12T08:20:52+00:00","breadcrumb":{"@id":"https:\/\/creatorx.ch\/index.php\/uber-uns\/#breadcrumb"},"inLanguage":"en-US","potentialAction":[{"@type":"ReadAction","target":["https:\/\/creatorx.ch\/index.php\/uber-uns\/"]}]},{"@type":"BreadcrumbList","@id":"https:\/\/creatorx.ch\/index.php\/uber-uns\/#breadcrumb","itemListElement":[{"@type":"ListItem","position":1,"name":"Home","item":"https:\/\/creatorx.ch\/"},{"@type":"ListItem","position":2,"name":"\u00dcber uns"}]},{"@type":"WebSite","@id":"https:\/\/creatorx.ch\/#website","url":"https:\/\/creatorx.ch\/","name":"CreatorX","description":"Strategische L\u00f6sungen f\u00fcr Ihren Erfolg.","publisher":{"@id":"https:\/\/creatorx.ch\/#organization"},"potentialAction":[{"@type":"SearchAction","target":{"@type":"EntryPoint","urlTemplate":"https:\/\/creatorx.ch\/?s={search_term_string}"},"query-input":{"@type":"PropertyValueSpecification","valueRequired":true,"valueName":"search_term_string"}}],"inLanguage":"en-US"},{"@type":"Organization","@id":"https:\/\/creatorx.ch\/#organization","name":"Strategische Losungen fur Ihrer Erfolg","url":"https:\/\/creatorx.ch\/","logo":{"@type":"ImageObject","inLanguage":"en-US","@id":"https:\/\/creatorx.ch\/#\/schema\/logo\/image\/","url":"https:\/\/creatorx.ch\/wp-content\/uploads\/2023\/11\/logo.png","contentUrl":"https:\/\/creatorx.ch\/wp-content\/uploads\/2023\/11\/logo.png","width":2535,"height":345,"caption":"Strategische Losungen fur Ihrer Erfolg"},"image":{"@id":"https:\/\/creatorx.ch\/#\/schema\/logo\/image\/"}}]}},"_links":{"self":[{"href":"https:\/\/creatorx.ch\/index.php\/wp-json\/wp\/v2\/pages\/887","targetHints":{"allow":["GET"]}}],"collection":[{"href":"https:\/\/creatorx.ch\/index.php\/wp-json\/wp\/v2\/pages"}],"about":[{"href":"https:\/\/creatorx.ch\/index.php\/wp-json\/wp\/v2\/types\/page"}],"author":[{"embeddable":true,"href":"https:\/\/creatorx.ch\/index.php\/wp-json\/wp\/v2\/users\/1"}],"replies":[{"embeddable":true,"href":"https:\/\/creatorx.ch\/index.php\/wp-json\/wp\/v2\/comments?post=887"}],"version-history":[{"count":20,"href":"https:\/\/creatorx.ch\/index.php\/wp-json\/wp\/v2\/pages\/887\/revisions"}],"predecessor-version":[{"id":1202,"href":"https:\/\/creatorx.ch\/index.php\/wp-json\/wp\/v2\/pages\/887\/revisions\/1202"}],"wp:attachment":[{"href":"https:\/\/creatorx.ch\/index.php\/wp-json\/wp\/v2\/media?parent=887"}],"curies":[{"name":"wp","href":"https:\/\/api.w.org\/{rel}","templated":true}]}}